{"id":2565,"date":"2026-03-23T08:28:20","date_gmt":"2026-03-23T08:28:20","guid":{"rendered":"https:\/\/xpandeg.com\/?page_id=2565"},"modified":"2026-03-23T08:32:23","modified_gmt":"2026-03-23T08:32:23","slug":"vision","status":"publish","type":"page","link":"https:\/\/xpandeg.com\/fr\/vision\/","title":{"rendered":"Vision"},"content":{"rendered":"<div data-elementor-type=\"wp-page\" data-elementor-id=\"2565\" class=\"elementor elementor-2565\" data-elementor-post-type=\"page\">\n\t\t\t\t<div class=\"elementor-element elementor-element-0e6fe54 e-flex e-con-boxed e-con e-parent\" data-id=\"0e6fe54\" data-element_type=\"container\" data-e-type=\"container\" data-settings=\"{&quot;background_background&quot;:&quot;classic&quot;}\">\n\t\t\t\t\t<div class=\"e-con-inner\">\n\t\t\t\t<div class=\"elementor-element elementor-element-e43599e elementor-widget elementor-widget-heading\" data-id=\"e43599e\" data-element_type=\"widget\" data-e-type=\"widget\" data-widget_type=\"heading.default\">\n\t\t\t\t<div class=\"elementor-widget-container\">\n\t\t\t\t\t<h1 class=\"elementor-heading-title elementor-size-default\">Vision Statement \n<\/h1>\t\t\t\t<\/div>\n\t\t\t\t<\/div>\n\t\t\t\t<div class=\"elementor-element elementor-element-20619d1 elementor-widget elementor-widget-image\" data-id=\"20619d1\" data-element_type=\"widget\" data-e-type=\"widget\" data-widget_type=\"image.default\">\n\t\t\t\t<div class=\"elementor-widget-container\">\n\t\t\t\t\t\t\t\t\t\t\t\t\t\t\t<img fetchpriority=\"high\" decoding=\"async\" width=\"1200\" height=\"620\" src=\"https:\/\/xpandeg.com\/wp-content\/uploads\/2026\/03\/Slideshow2.png\" class=\"attachment-full size-full wp-image-2286\" alt=\"\" srcset=\"https:\/\/xpandeg.com\/wp-content\/uploads\/2026\/03\/Slideshow2.png 1200w, https:\/\/xpandeg.com\/wp-content\/uploads\/2026\/03\/Slideshow2-300x155.png 300w, https:\/\/xpandeg.com\/wp-content\/uploads\/2026\/03\/Slideshow2-1024x529.png 1024w, https:\/\/xpandeg.com\/wp-content\/uploads\/2026\/03\/Slideshow2-768x397.png 768w\" sizes=\"(max-width: 1200px) 100vw, 1200px\" \/>\t\t\t\t\t\t\t\t\t\t\t\t\t\t\t<\/div>\n\t\t\t\t<\/div>\n\t\t\t\t\t<\/div>\n\t\t\t\t<\/div>\n\t\t<div class=\"elementor-element elementor-element-820913b e-flex e-con-boxed e-con e-parent\" data-id=\"820913b\" data-element_type=\"container\" data-e-type=\"container\">\n\t\t\t\t\t<div class=\"e-con-inner\">\n\t\t\t\t<div class=\"elementor-element elementor-element-e64fad3 elementor-widget__width-initial elementor-widget elementor-widget-heading\" data-id=\"e64fad3\" data-element_type=\"widget\" data-e-type=\"widget\" data-widget_type=\"heading.default\">\n\t\t\t\t<div class=\"elementor-widget-container\">\n\t\t\t\t\t<h2 class=\"elementor-heading-title elementor-size-default\">Construire des partenariats strat\u00e9giques pour stimuler la croissance, l\u2019innovation et l\u2019impact \u00e9conomique \u00e0 travers l\u2019Afrique<\/h2>\t\t\t\t<\/div>\n\t\t\t\t<\/div>\n\t\t\t\t<div class=\"elementor-element elementor-element-e578e2b elementor-widget__width-initial elementor-widget elementor-widget-heading\" data-id=\"e578e2b\" data-element_type=\"widget\" data-e-type=\"widget\" data-widget_type=\"heading.default\">\n\t\t\t\t<div class=\"elementor-widget-container\">\n\t\t\t\t\t<h5 class=\"elementor-heading-title elementor-size-default\">Cr\u00e9er un r\u00e9seau solide de partenariats internationaux sur nos march\u00e9s africains cibles, positionnant les entreprises \u00e9gyptiennes comme des contributeurs majeurs au d\u00e9veloppement \u00e9conomique du continent.\n\nNous visons \u00e0 stimuler l\u2019innovation, la diversification \u00e9conomique et la collaboration interculturelle dans des secteurs essentiels tels que les biens de grande consommation (FMCG), les \u00e9nergies vertes, le p\u00e9trole et le gaz, les t\u00e9l\u00e9communications, les centres de donn\u00e9es, les produits pharmaceutiques et les projets immobiliers \u00e0 usage mixte, contribuant ainsi \u00e0 un avenir plus prosp\u00e8re et interconnect\u00e9.<\/h5>\t\t\t\t<\/div>\n\t\t\t\t<\/div>\n\t\t<div class=\"elementor-element elementor-element-33585ae e-con-full e-flex e-con e-child\" data-id=\"33585ae\" data-element_type=\"container\" data-e-type=\"container\">\n\t\t\t\t<div class=\"elementor-element elementor-element-735d3bf elementor-widget elementor-widget-image\" data-id=\"735d3bf\" data-element_type=\"widget\" data-e-type=\"widget\" data-widget_type=\"image.default\">\n\t\t\t\t<div class=\"elementor-widget-container\">\n\t\t\t\t\t\t\t\t\t\t\t\t\t\t\t<img decoding=\"async\" width=\"370\" height=\"480\" src=\"https:\/\/xpandeg.com\/wp-content\/uploads\/2026\/03\/Mission-Statement2.png\" class=\"attachment-full size-full wp-image-2560\" alt=\"\" srcset=\"https:\/\/xpandeg.com\/wp-content\/uploads\/2026\/03\/Mission-Statement2.png 370w, https:\/\/xpandeg.com\/wp-content\/uploads\/2026\/03\/Mission-Statement2-231x300.png 231w\" sizes=\"(max-width: 370px) 100vw, 370px\" \/>\t\t\t\t\t\t\t\t\t\t\t\t\t\t\t<\/div>\n\t\t\t\t<\/div>\n\t\t\t\t<div class=\"elementor-element elementor-element-c61c01d elementor-widget elementor-widget-image\" data-id=\"c61c01d\" data-element_type=\"widget\" data-e-type=\"widget\" data-widget_type=\"image.default\">\n\t\t\t\t<div class=\"elementor-widget-container\">\n\t\t\t\t\t\t\t\t\t\t\t\t\t\t\t<img decoding=\"async\" width=\"420\" height=\"340\" src=\"https:\/\/xpandeg.com\/wp-content\/uploads\/2026\/03\/Mission-Statement3.png\" class=\"attachment-full size-full wp-image-2561\" alt=\"\" srcset=\"https:\/\/xpandeg.com\/wp-content\/uploads\/2026\/03\/Mission-Statement3.png 420w, https:\/\/xpandeg.com\/wp-content\/uploads\/2026\/03\/Mission-Statement3-300x243.png 300w\" sizes=\"(max-width: 420px) 100vw, 420px\" \/>\t\t\t\t\t\t\t\t\t\t\t\t\t\t\t<\/div>\n\t\t\t\t<\/div>\n\t\t\t\t<div class=\"elementor-element elementor-element-6a09dcc elementor-widget__width-initial elementor-widget elementor-widget-image\" data-id=\"6a09dcc\" data-element_type=\"widget\" data-e-type=\"widget\" data-widget_type=\"image.default\">\n\t\t\t\t<div class=\"elementor-widget-container\">\n\t\t\t\t\t\t\t\t\t\t\t\t\t\t\t<img loading=\"lazy\" decoding=\"async\" width=\"370\" height=\"480\" src=\"https:\/\/xpandeg.com\/wp-content\/uploads\/2026\/03\/Mission-Statement-1.png\" class=\"attachment-large size-large wp-image-2553\" alt=\"\" srcset=\"https:\/\/xpandeg.com\/wp-content\/uploads\/2026\/03\/Mission-Statement-1.png 370w, https:\/\/xpandeg.com\/wp-content\/uploads\/2026\/03\/Mission-Statement-1-231x300.png 231w\" sizes=\"(max-width: 370px) 100vw, 370px\" \/>\t\t\t\t\t\t\t\t\t\t\t\t\t\t\t<\/div>\n\t\t\t\t<\/div>\n\t\t\t\t<\/div>\n\t\t\t\t\t<\/div>\n\t\t\t\t<\/div>\n\t\t\t\t<\/div>","protected":false},"excerpt":{"rendered":"<p>Vision Statement Building Strategic Partnerships to Drive Growth, Innovation, and Economic Impact Across Africa To cultivate a robust network of [&hellip;]<\/p>\n","protected":false},"author":1,"featured_media":0,"parent":0,"menu_order":0,"comment_status":"closed","ping_status":"closed","template":"","meta":{"site-sidebar-layout":"no-sidebar","site-content-layout":"","ast-site-content-layout":"full-width-container","site-content-style":"unboxed","site-sidebar-style":"unboxed","ast-global-header-display":"","ast-banner-title-visibility":"","ast-main-header-display":"","ast-hfb-above-header-display":"","ast-hfb-below-header-display":"","ast-hfb-mobile-header-display":"","site-post-title":"disabled","ast-breadcrumbs-content":"","ast-featured-img":"disabled","footer-sml-layout":"","ast-disable-related-posts":"","theme-transparent-header-meta":"enabled","adv-header-id-meta":"","stick-header-meta":"","header-above-stick-meta":"","header-main-stick-meta":"","header-below-stick-meta":"","astra-migrate-meta-layouts":"default","ast-page-background-enabled":"default","ast-page-background-meta":{"desktop":{"background-color":"var(--ast-global-color-5)","background-image":"","background-repeat":"repeat","background-position":"center center","background-size":"auto","background-attachment":"scroll","background-type":"","background-media":"","overlay-type":"","overlay-color":"","overlay-opacity":"","overlay-gradient":""},"tablet":{"background-color":"","background-image":"","background-repeat":"repeat","background-position":"center center","background-size":"auto","background-attachment":"scroll","background-type":"","background-media":"","overlay-type":"","overlay-color":"","overlay-opacity":"","overlay-gradient":""},"mobile":{"background-color":"","background-image":"","background-repeat":"repeat","background-position":"center center","background-size":"auto","background-attachment":"scroll","background-type":"","background-media":"","overlay-type":"","overlay-color":"","overlay-opacity":"","overlay-gradient":""}},"ast-content-background-meta":{"desktop":{"background-color":"var(--ast-global-color-4)","background-image":"","background-repeat":"repeat","background-position":"center center","background-size":"auto","background-attachment":"scroll","background-type":"","background-media":"","overlay-type":"","overlay-color":"","overlay-opacity":"","overlay-gradient":""},"tablet":{"background-color":"var(--ast-global-color-4)","background-image":"","background-repeat":"repeat","background-position":"center center","background-size":"auto","background-attachment":"scroll","background-type":"","background-media":"","overlay-type":"","overlay-color":"","overlay-opacity":"","overlay-gradient":""},"mobile":{"background-color":"var(--ast-global-color-4)","background-image":"","background-repeat":"repeat","background-position":"center center","background-size":"auto","background-attachment":"scroll","background-type":"","background-media":"","overlay-type":"","overlay-color":"","overlay-opacity":"","overlay-gradient":""}},"footnotes":""},"class_list":["post-2565","page","type-page","status-publish","hentry"],"_hostinger_reach_plugin_has_subscription_block":false,"_hostinger_reach_plugin_is_elementor":false,"_links":{"self":[{"href":"https:\/\/xpandeg.com\/fr\/wp-json\/wp\/v2\/pages\/2565","targetHints":{"allow":["GET"]}}],"collection":[{"href":"https:\/\/xpandeg.com\/fr\/wp-json\/wp\/v2\/pages"}],"about":[{"href":"https:\/\/xpandeg.com\/fr\/wp-json\/wp\/v2\/types\/page"}],"author":[{"embeddable":true,"href":"https:\/\/xpandeg.com\/fr\/wp-json\/wp\/v2\/users\/1"}],"replies":[{"embeddable":true,"href":"https:\/\/xpandeg.com\/fr\/wp-json\/wp\/v2\/comments?post=2565"}],"version-history":[{"count":10,"href":"https:\/\/xpandeg.com\/fr\/wp-json\/wp\/v2\/pages\/2565\/revisions"}],"predecessor-version":[{"id":2575,"href":"https:\/\/xpandeg.com\/fr\/wp-json\/wp\/v2\/pages\/2565\/revisions\/2575"}],"wp:attachment":[{"href":"https:\/\/xpandeg.com\/fr\/wp-json\/wp\/v2\/media?parent=2565"}],"curies":[{"name":"wp","href":"https:\/\/api.w.org\/{rel}","templated":true}]}}