{"id":2531,"date":"2026-03-23T08:07:28","date_gmt":"2026-03-23T08:07:28","guid":{"rendered":"https:\/\/xpandeg.com\/?page_id=2531"},"modified":"2026-03-23T08:26:33","modified_gmt":"2026-03-23T08:26:33","slug":"mission","status":"publish","type":"page","link":"https:\/\/xpandeg.com\/fr\/mission\/","title":{"rendered":"Mission"},"content":{"rendered":"<div data-elementor-type=\"wp-page\" data-elementor-id=\"2531\" class=\"elementor elementor-2531\" data-elementor-post-type=\"page\">\n\t\t\t\t<div class=\"elementor-element elementor-element-0e6fe54 e-flex e-con-boxed e-con e-parent\" data-id=\"0e6fe54\" data-element_type=\"container\" data-e-type=\"container\" data-settings=\"{&quot;background_background&quot;:&quot;classic&quot;}\">\n\t\t\t\t\t<div class=\"e-con-inner\">\n\t\t\t\t<div class=\"elementor-element elementor-element-e43599e elementor-widget elementor-widget-heading\" data-id=\"e43599e\" data-element_type=\"widget\" data-e-type=\"widget\" data-widget_type=\"heading.default\">\n\t\t\t\t<div class=\"elementor-widget-container\">\n\t\t\t\t\t<h1 class=\"elementor-heading-title elementor-size-default\">Mission Statement<\/h1>\t\t\t\t<\/div>\n\t\t\t\t<\/div>\n\t\t\t\t<div class=\"elementor-element elementor-element-20619d1 elementor-widget elementor-widget-image\" data-id=\"20619d1\" data-element_type=\"widget\" data-e-type=\"widget\" data-widget_type=\"image.default\">\n\t\t\t\t<div class=\"elementor-widget-container\">\n\t\t\t\t\t\t\t\t\t\t\t\t\t\t\t<img fetchpriority=\"high\" decoding=\"async\" width=\"1536\" height=\"1024\" src=\"https:\/\/xpandeg.com\/wp-content\/uploads\/2026\/03\/1.png\" class=\"attachment-full size-full wp-image-2294\" alt=\"\" srcset=\"https:\/\/xpandeg.com\/wp-content\/uploads\/2026\/03\/1.png 1536w, https:\/\/xpandeg.com\/wp-content\/uploads\/2026\/03\/1-300x200.png 300w, https:\/\/xpandeg.com\/wp-content\/uploads\/2026\/03\/1-1024x683.png 1024w, https:\/\/xpandeg.com\/wp-content\/uploads\/2026\/03\/1-768x512.png 768w\" sizes=\"(max-width: 1536px) 100vw, 1536px\" \/>\t\t\t\t\t\t\t\t\t\t\t\t\t\t\t<\/div>\n\t\t\t\t<\/div>\n\t\t\t\t\t<\/div>\n\t\t\t\t<\/div>\n\t\t<div class=\"elementor-element elementor-element-820913b e-flex e-con-boxed e-con e-parent\" data-id=\"820913b\" data-element_type=\"container\" data-e-type=\"container\">\n\t\t\t\t\t<div class=\"e-con-inner\">\n\t\t\t\t<div class=\"elementor-element elementor-element-e64fad3 elementor-widget__width-initial elementor-widget elementor-widget-heading\" data-id=\"e64fad3\" data-element_type=\"widget\" data-e-type=\"widget\" data-widget_type=\"heading.default\">\n\t\t\t\t<div class=\"elementor-widget-container\">\n\t\t\t\t\t<h2 class=\"elementor-heading-title elementor-size-default\">Empowering Egyptian Businesses to xpand Across Africa<\/h2>\t\t\t\t<\/div>\n\t\t\t\t<\/div>\n\t\t\t\t<div class=\"elementor-element elementor-element-e578e2b elementor-widget__width-initial elementor-widget elementor-widget-heading\" data-id=\"e578e2b\" data-element_type=\"widget\" data-e-type=\"widget\" data-widget_type=\"heading.default\">\n\t\t\t\t<div class=\"elementor-widget-container\">\n\t\t\t\t\t<h5 class=\"elementor-heading-title elementor-size-default\">XPand est le catalyseur principal pour les entreprises \u00e9gyptiennes cherchant une expansion mondiale vers les principaux march\u00e9s africains. Nous favorisons une croissance durable et une prosp\u00e9rit\u00e9 mutuelle gr\u00e2ce \u00e0 des coentreprises internationales expertement n\u00e9goci\u00e9es et g\u00e9r\u00e9es dans des secteurs \u00e0 fort impact tels que les biens de grande consommation (FMCG), le d\u00e9veloppement des \u00e9nergies vertes, le p\u00e9trole et le gaz, les t\u00e9l\u00e9communications et les infrastructures de num\u00e9risation, les centres de donn\u00e9es, les produits pharmaceutiques et les projets immobiliers \u00e0 usage mixte.<\/h5>\t\t\t\t<\/div>\n\t\t\t\t<\/div>\n\t\t<div class=\"elementor-element elementor-element-33585ae e-con-full e-flex e-con e-child\" data-id=\"33585ae\" data-element_type=\"container\" data-e-type=\"container\">\n\t\t\t\t<div class=\"elementor-element elementor-element-735d3bf elementor-widget elementor-widget-image\" data-id=\"735d3bf\" data-element_type=\"widget\" data-e-type=\"widget\" data-widget_type=\"image.default\">\n\t\t\t\t<div class=\"elementor-widget-container\">\n\t\t\t\t\t\t\t\t\t\t\t\t\t\t\t<img decoding=\"async\" width=\"370\" height=\"480\" src=\"https:\/\/xpandeg.com\/wp-content\/uploads\/2026\/03\/Mission-Statement2.png\" class=\"attachment-full size-full wp-image-2560\" alt=\"\" srcset=\"https:\/\/xpandeg.com\/wp-content\/uploads\/2026\/03\/Mission-Statement2.png 370w, https:\/\/xpandeg.com\/wp-content\/uploads\/2026\/03\/Mission-Statement2-231x300.png 231w\" sizes=\"(max-width: 370px) 100vw, 370px\" \/>\t\t\t\t\t\t\t\t\t\t\t\t\t\t\t<\/div>\n\t\t\t\t<\/div>\n\t\t\t\t<div class=\"elementor-element elementor-element-c61c01d elementor-widget elementor-widget-image\" data-id=\"c61c01d\" data-element_type=\"widget\" data-e-type=\"widget\" data-widget_type=\"image.default\">\n\t\t\t\t<div class=\"elementor-widget-container\">\n\t\t\t\t\t\t\t\t\t\t\t\t\t\t\t<img decoding=\"async\" width=\"420\" height=\"340\" src=\"https:\/\/xpandeg.com\/wp-content\/uploads\/2026\/03\/Mission-Statement3.png\" class=\"attachment-full size-full wp-image-2561\" alt=\"\" srcset=\"https:\/\/xpandeg.com\/wp-content\/uploads\/2026\/03\/Mission-Statement3.png 420w, https:\/\/xpandeg.com\/wp-content\/uploads\/2026\/03\/Mission-Statement3-300x243.png 300w\" sizes=\"(max-width: 420px) 100vw, 420px\" \/>\t\t\t\t\t\t\t\t\t\t\t\t\t\t\t<\/div>\n\t\t\t\t<\/div>\n\t\t\t\t<div class=\"elementor-element elementor-element-6a09dcc elementor-widget__width-initial elementor-widget elementor-widget-image\" data-id=\"6a09dcc\" data-element_type=\"widget\" data-e-type=\"widget\" data-widget_type=\"image.default\">\n\t\t\t\t<div class=\"elementor-widget-container\">\n\t\t\t\t\t\t\t\t\t\t\t\t\t\t\t<img loading=\"lazy\" decoding=\"async\" width=\"370\" height=\"480\" src=\"https:\/\/xpandeg.com\/wp-content\/uploads\/2026\/03\/Mission-Statement-1.png\" class=\"attachment-large size-large wp-image-2553\" alt=\"\" srcset=\"https:\/\/xpandeg.com\/wp-content\/uploads\/2026\/03\/Mission-Statement-1.png 370w, https:\/\/xpandeg.com\/wp-content\/uploads\/2026\/03\/Mission-Statement-1-231x300.png 231w\" sizes=\"(max-width: 370px) 100vw, 370px\" \/>\t\t\t\t\t\t\t\t\t\t\t\t\t\t\t<\/div>\n\t\t\t\t<\/div>\n\t\t\t\t<\/div>\n\t\t\t\t\t<\/div>\n\t\t\t\t<\/div>\n\t\t\t\t<\/div>","protected":false},"excerpt":{"rendered":"<p>Mission Statement Empowering Egyptian Businesses to Expand Across Africa XPand is the premier catalyst for Egyptian businesses seeking global expansion [&hellip;]<\/p>\n","protected":false},"author":1,"featured_media":0,"parent":0,"menu_order":0,"comment_status":"closed","ping_status":"closed","template":"","meta":{"site-sidebar-layout":"no-sidebar","site-content-layout":"","ast-site-content-layout":"full-width-container","site-content-style":"unboxed","site-sidebar-style":"unboxed","ast-global-header-display":"","ast-banner-title-visibility":"","ast-main-header-display":"","ast-hfb-above-header-display":"","ast-hfb-below-header-display":"","ast-hfb-mobile-header-display":"","site-post-title":"disabled","ast-breadcrumbs-content":"","ast-featured-img":"disabled","footer-sml-layout":"","ast-disable-related-posts":"","theme-transparent-header-meta":"enabled","adv-header-id-meta":"","stick-header-meta":"","header-above-stick-meta":"","header-main-stick-meta":"","header-below-stick-meta":"","astra-migrate-meta-layouts":"default","ast-page-background-enabled":"default","ast-page-background-meta":{"desktop":{"background-color":"var(--ast-global-color-5)","background-image":"","background-repeat":"repeat","background-position":"center center","background-size":"auto","background-attachment":"scroll","background-type":"","background-media":"","overlay-type":"","overlay-color":"","overlay-opacity":"","overlay-gradient":""},"tablet":{"background-color":"","background-image":"","background-repeat":"repeat","background-position":"center center","background-size":"auto","background-attachment":"scroll","background-type":"","background-media":"","overlay-type":"","overlay-color":"","overlay-opacity":"","overlay-gradient":""},"mobile":{"background-color":"","background-image":"","background-repeat":"repeat","background-position":"center center","background-size":"auto","background-attachment":"scroll","background-type":"","background-media":"","overlay-type":"","overlay-color":"","overlay-opacity":"","overlay-gradient":""}},"ast-content-background-meta":{"desktop":{"background-color":"var(--ast-global-color-4)","background-image":"","background-repeat":"repeat","background-position":"center center","background-size":"auto","background-attachment":"scroll","background-type":"","background-media":"","overlay-type":"","overlay-color":"","overlay-opacity":"","overlay-gradient":""},"tablet":{"background-color":"var(--ast-global-color-4)","background-image":"","background-repeat":"repeat","background-position":"center center","background-size":"auto","background-attachment":"scroll","background-type":"","background-media":"","overlay-type":"","overlay-color":"","overlay-opacity":"","overlay-gradient":""},"mobile":{"background-color":"var(--ast-global-color-4)","background-image":"","background-repeat":"repeat","background-position":"center center","background-size":"auto","background-attachment":"scroll","background-type":"","background-media":"","overlay-type":"","overlay-color":"","overlay-opacity":"","overlay-gradient":""}},"footnotes":""},"class_list":["post-2531","page","type-page","status-publish","hentry"],"_hostinger_reach_plugin_has_subscription_block":false,"_hostinger_reach_plugin_is_elementor":false,"_links":{"self":[{"href":"https:\/\/xpandeg.com\/fr\/wp-json\/wp\/v2\/pages\/2531","targetHints":{"allow":["GET"]}}],"collection":[{"href":"https:\/\/xpandeg.com\/fr\/wp-json\/wp\/v2\/pages"}],"about":[{"href":"https:\/\/xpandeg.com\/fr\/wp-json\/wp\/v2\/types\/page"}],"author":[{"embeddable":true,"href":"https:\/\/xpandeg.com\/fr\/wp-json\/wp\/v2\/users\/1"}],"replies":[{"embeddable":true,"href":"https:\/\/xpandeg.com\/fr\/wp-json\/wp\/v2\/comments?post=2531"}],"version-history":[{"count":28,"href":"https:\/\/xpandeg.com\/fr\/wp-json\/wp\/v2\/pages\/2531\/revisions"}],"predecessor-version":[{"id":2564,"href":"https:\/\/xpandeg.com\/fr\/wp-json\/wp\/v2\/pages\/2531\/revisions\/2564"}],"wp:attachment":[{"href":"https:\/\/xpandeg.com\/fr\/wp-json\/wp\/v2\/media?parent=2531"}],"curies":[{"name":"wp","href":"https:\/\/api.w.org\/{rel}","templated":true}]}}