{"id":2442,"date":"2026-03-23T07:11:29","date_gmt":"2026-03-23T07:11:29","guid":{"rendered":"https:\/\/xpandeg.com\/?page_id=2442"},"modified":"2026-03-23T07:45:55","modified_gmt":"2026-03-23T07:45:55","slug":"investment-opportunities","status":"publish","type":"page","link":"https:\/\/xpandeg.com\/fr\/investment-opportunities\/","title":{"rendered":"Opportunit\u00e9s d'investissement"},"content":{"rendered":"<div data-elementor-type=\"wp-page\" data-elementor-id=\"2442\" class=\"elementor elementor-2442\" data-elementor-post-type=\"page\">\n\t\t\t\t<div class=\"elementor-element elementor-element-05ff9c7 e-flex e-con-boxed e-con e-parent\" data-id=\"05ff9c7\" data-element_type=\"container\" data-e-type=\"container\" data-settings=\"{&quot;background_background&quot;:&quot;classic&quot;}\">\n\t\t\t\t\t<div class=\"e-con-inner\">\n\t\t<div class=\"elementor-element elementor-element-a46c25d e-con-full e-flex e-con e-child\" data-id=\"a46c25d\" data-element_type=\"container\" data-e-type=\"container\">\n\t\t\t\t<div class=\"elementor-element elementor-element-6edadcc elementor-widget elementor-widget-heading\" data-id=\"6edadcc\" data-element_type=\"widget\" data-e-type=\"widget\" data-widget_type=\"heading.default\">\n\t\t\t\t<div class=\"elementor-widget-container\">\n\t\t\t\t\t<h1 class=\"elementor-heading-title elementor-size-default\">Orientation strat\u00e9gique \n<\/h1>\t\t\t\t<\/div>\n\t\t\t\t<\/div>\n\t\t\t\t<div class=\"elementor-element elementor-element-6d18628 elementor-widget elementor-widget-text-editor\" data-id=\"6d18628\" data-element_type=\"widget\" data-e-type=\"widget\" data-widget_type=\"text-editor.default\">\n\t\t\t\t<div class=\"elementor-widget-container\">\n\t\t\t\t\t\t\t\t\t<p style=\"text-align: left;\">Notre orientation strat\u00e9gique consiste \u00e0 identifier des opportunit\u00e9s synergiques permettant aux entreprises \u00e9gyptiennes de former des coentreprises au sein des march\u00e9s africains et des secteurs sp\u00e9cifi\u00e9s. Cela comprend une analyse de march\u00e9 approfondie, l\u2019identification de partenaires, une diligence raisonnable rigoureuse, un soutien aux n\u00e9gociations et un accompagnement strat\u00e9gique continu afin d\u2019assurer le succ\u00e8s \u00e0 long terme et la rentabilit\u00e9 de ces collaborations internationales. Nous sommes sp\u00e9cialis\u00e9s dans la r\u00e9duction des \u00e9carts culturels et r\u00e9glementaires, permettant une int\u00e9gration fluide sur les march\u00e9s et une croissance acc\u00e9l\u00e9r\u00e9e pour nos clients \u00e9gyptiens dans :<\/p>\t\t\t\t\t\t\t\t<\/div>\n\t\t\t\t<\/div>\n\t\t\t\t<\/div>\n\t\t<div class=\"elementor-element elementor-element-975b339 e-con-full e-flex e-con e-child\" data-id=\"975b339\" data-element_type=\"container\" data-e-type=\"container\">\n\t\t\t\t<div class=\"elementor-element elementor-element-3e34fef elementor-widget elementor-widget-image\" data-id=\"3e34fef\" data-element_type=\"widget\" data-e-type=\"widget\" data-widget_type=\"image.default\">\n\t\t\t\t<div class=\"elementor-widget-container\">\n\t\t\t\t\t\t\t\t\t\t\t\t\t\t\t<img fetchpriority=\"high\" decoding=\"async\" width=\"1024\" height=\"683\" src=\"https:\/\/xpandeg.com\/wp-content\/uploads\/2026\/03\/Strategic-Focus1-1024x683.png\" class=\"attachment-large size-large wp-image-2445\" alt=\"\" srcset=\"https:\/\/xpandeg.com\/wp-content\/uploads\/2026\/03\/Strategic-Focus1-1024x683.png 1024w, https:\/\/xpandeg.com\/wp-content\/uploads\/2026\/03\/Strategic-Focus1-300x200.png 300w, https:\/\/xpandeg.com\/wp-content\/uploads\/2026\/03\/Strategic-Focus1-768x512.png 768w, https:\/\/xpandeg.com\/wp-content\/uploads\/2026\/03\/Strategic-Focus1.png 1536w\" sizes=\"(max-width: 1024px) 100vw, 1024px\" \/>\t\t\t\t\t\t\t\t\t\t\t\t\t\t\t<\/div>\n\t\t\t\t<\/div>\n\t\t\t\t<\/div>\n\t\t\t\t\t<\/div>\n\t\t\t\t<\/div>\n\t\t<div class=\"elementor-element elementor-element-9a34acd e-flex e-con-boxed e-con e-parent\" data-id=\"9a34acd\" data-element_type=\"container\" data-e-type=\"container\">\n\t\t\t\t\t<div class=\"e-con-inner\">\n\t\t\t\t<div class=\"elementor-element elementor-element-cf36c68 elementor-widget__width-initial elementor-widget elementor-widget-heading\" data-id=\"cf36c68\" data-element_type=\"widget\" data-e-type=\"widget\" data-widget_type=\"heading.default\">\n\t\t\t\t<div class=\"elementor-widget-container\">\n\t\t\t\t\t<h2 class=\"elementor-heading-title elementor-size-default\">Orientation strat\u00e9gique des march\u00e9s \u00e0 travers les principales \u00e9conomies africaines \u00e0 forte croissance<\/h2>\t\t\t\t<\/div>\n\t\t\t\t<\/div>\n\t\t\t\t<div class=\"elementor-element elementor-element-2bdf41f elementor-widget elementor-widget-heading\" data-id=\"2bdf41f\" data-element_type=\"widget\" data-e-type=\"widget\" data-widget_type=\"heading.default\">\n\t\t\t\t<div class=\"elementor-widget-container\">\n\t\t\t\t\t<h2 class=\"elementor-heading-title elementor-size-default\">1.Biens de grande consommation (FMCG)\n<\/h2>\t\t\t\t<\/div>\n\t\t\t\t<\/div>\n\t\t\t\t<div class=\"elementor-element elementor-element-9d40f47 elementor-widget__width-initial elementor-widget elementor-widget-text-editor\" data-id=\"9d40f47\" data-element_type=\"widget\" data-e-type=\"widget\" data-widget_type=\"text-editor.default\">\n\t\t\t\t<div class=\"elementor-widget-container\">\n\t\t\t\t\t\t\t\t\t<p>Les march\u00e9s des biens de grande consommation (FMCG) en Afrique connaissent une croissance rapide en raison de la croissance d\u00e9mographique et de l\u2019augmentation de la demande des consommateurs, offrant de fortes opportunit\u00e9s d\u2019expansion gr\u00e2ce \u00e0 des partenariats locaux et \u00e0 des r\u00e9seaux de distribution efficaces.<\/p>\t\t\t\t\t\t\t\t<\/div>\n\t\t\t\t<\/div>\n\t\t\t\t<div class=\"elementor-element elementor-element-d3dca33 elementor-widget elementor-widget-image\" data-id=\"d3dca33\" data-element_type=\"widget\" data-e-type=\"widget\" data-widget_type=\"image.default\">\n\t\t\t\t<div class=\"elementor-widget-container\">\n\t\t\t\t\t\t\t\t\t\t\t\t\t\t\t<img decoding=\"async\" width=\"1536\" height=\"1024\" src=\"https:\/\/xpandeg.com\/wp-content\/uploads\/2026\/03\/FMCG.png\" class=\"attachment-full size-full wp-image-2502\" alt=\"\" srcset=\"https:\/\/xpandeg.com\/wp-content\/uploads\/2026\/03\/FMCG.png 1536w, https:\/\/xpandeg.com\/wp-content\/uploads\/2026\/03\/FMCG-300x200.png 300w, https:\/\/xpandeg.com\/wp-content\/uploads\/2026\/03\/FMCG-1024x683.png 1024w, https:\/\/xpandeg.com\/wp-content\/uploads\/2026\/03\/FMCG-768x512.png 768w\" sizes=\"(max-width: 1536px) 100vw, 1536px\" \/>\t\t\t\t\t\t\t\t\t\t\t\t\t\t\t<\/div>\n\t\t\t\t<\/div>\n\t\t\t\t\t<\/div>\n\t\t\t\t<\/div>\n\t\t<div class=\"elementor-element elementor-element-75a94ca e-flex e-con-boxed e-con e-parent\" data-id=\"75a94ca\" data-element_type=\"container\" data-e-type=\"container\" data-settings=\"{&quot;background_background&quot;:&quot;classic&quot;}\">\n\t\t\t\t\t<div class=\"e-con-inner\">\n\t\t\t\t\t<\/div>\n\t\t\t\t<\/div>\n\t\t<div class=\"elementor-element elementor-element-a70a0c7 e-flex e-con-boxed e-con e-parent\" data-id=\"a70a0c7\" data-element_type=\"container\" data-e-type=\"container\">\n\t\t\t\t\t<div class=\"e-con-inner\">\n\t\t\t\t<div class=\"elementor-element elementor-element-2a2c063 elementor-widget elementor-widget-heading\" data-id=\"2a2c063\" data-element_type=\"widget\" data-e-type=\"widget\" data-widget_type=\"heading.default\">\n\t\t\t\t<div class=\"elementor-widget-container\">\n\t\t\t\t\t<h2 class=\"elementor-heading-title elementor-size-default\">2.D\u00e9veloppement des \u00e9nergies vertes\n<\/h2>\t\t\t\t<\/div>\n\t\t\t\t<\/div>\n\t\t\t\t<div class=\"elementor-element elementor-element-42de5df elementor-widget__width-initial elementor-widget elementor-widget-text-editor\" data-id=\"42de5df\" data-element_type=\"widget\" data-e-type=\"widget\" data-widget_type=\"text-editor.default\">\n\t\t\t\t<div class=\"elementor-widget-container\">\n\t\t\t\t\t\t\t\t\t<p>L\u2019Afrique dispose de ressources abondantes en \u00e9nergie solaire et \u00e9olienne, ce qui fait des \u00e9nergies vertes un secteur \u00e0 fort potentiel, avec une demande croissante pour des solutions \u00e9nerg\u00e9tiques durables et des investissements dans les \u00e9nergies renouvelables.<\/p>\t\t\t\t\t\t\t\t<\/div>\n\t\t\t\t<\/div>\n\t\t\t\t<div class=\"elementor-element elementor-element-3c73d04 elementor-widget elementor-widget-image\" data-id=\"3c73d04\" data-element_type=\"widget\" data-e-type=\"widget\" data-widget_type=\"image.default\">\n\t\t\t\t<div class=\"elementor-widget-container\">\n\t\t\t\t\t\t\t\t\t\t\t\t\t\t\t<img decoding=\"async\" width=\"1536\" height=\"1024\" src=\"https:\/\/xpandeg.com\/wp-content\/uploads\/2026\/03\/Green-Energy.png\" class=\"attachment-full size-full wp-image-2506\" alt=\"\" srcset=\"https:\/\/xpandeg.com\/wp-content\/uploads\/2026\/03\/Green-Energy.png 1536w, https:\/\/xpandeg.com\/wp-content\/uploads\/2026\/03\/Green-Energy-300x200.png 300w, https:\/\/xpandeg.com\/wp-content\/uploads\/2026\/03\/Green-Energy-1024x683.png 1024w, https:\/\/xpandeg.com\/wp-content\/uploads\/2026\/03\/Green-Energy-768x512.png 768w\" sizes=\"(max-width: 1536px) 100vw, 1536px\" \/>\t\t\t\t\t\t\t\t\t\t\t\t\t\t\t<\/div>\n\t\t\t\t<\/div>\n\t\t\t\t\t<\/div>\n\t\t\t\t<\/div>\n\t\t<div class=\"elementor-element elementor-element-b8760b2 e-flex e-con-boxed e-con e-parent\" data-id=\"b8760b2\" data-element_type=\"container\" data-e-type=\"container\" data-settings=\"{&quot;background_background&quot;:&quot;classic&quot;}\">\n\t\t\t\t\t<div class=\"e-con-inner\">\n\t\t\t\t\t<\/div>\n\t\t\t\t<\/div>\n\t\t<div class=\"elementor-element elementor-element-38976a2 e-flex e-con-boxed e-con e-parent\" data-id=\"38976a2\" data-element_type=\"container\" data-e-type=\"container\">\n\t\t\t\t\t<div class=\"e-con-inner\">\n\t\t\t\t<div class=\"elementor-element elementor-element-d1bee57 elementor-widget elementor-widget-heading\" data-id=\"d1bee57\" data-element_type=\"widget\" data-e-type=\"widget\" data-widget_type=\"heading.default\">\n\t\t\t\t<div class=\"elementor-widget-container\">\n\t\t\t\t\t<h2 class=\"elementor-heading-title elementor-size-default\">3.P\u00e9trole et gaz\n<\/h2>\t\t\t\t<\/div>\n\t\t\t\t<\/div>\n\t\t\t\t<div class=\"elementor-element elementor-element-79ff733 elementor-widget__width-initial elementor-widget elementor-widget-text-editor\" data-id=\"79ff733\" data-element_type=\"widget\" data-e-type=\"widget\" data-widget_type=\"text-editor.default\">\n\t\t\t\t<div class=\"elementor-widget-container\">\n\t\t\t\t\t\t\t\t\t<p data-path-to-node=\"3,2,0\">Le secteur du p\u00e9trole et du gaz demeure une industrie cl\u00e9 dans de nombreux pays africains, offrant des opportunit\u00e9s dans l\u2019exploration, la production et le d\u00e9veloppement des infrastructures \u00e0 travers des partenariats strat\u00e9giques.<\/p>\t\t\t\t\t\t\t\t<\/div>\n\t\t\t\t<\/div>\n\t\t\t\t<div class=\"elementor-element elementor-element-a5dd29a elementor-widget elementor-widget-image\" data-id=\"a5dd29a\" data-element_type=\"widget\" data-e-type=\"widget\" data-widget_type=\"image.default\">\n\t\t\t\t<div class=\"elementor-widget-container\">\n\t\t\t\t\t\t\t\t\t\t\t\t\t\t\t<img loading=\"lazy\" decoding=\"async\" width=\"1536\" height=\"1024\" src=\"https:\/\/xpandeg.com\/wp-content\/uploads\/2026\/03\/Oil-Gas.png\" class=\"attachment-full size-full wp-image-2510\" alt=\"\" srcset=\"https:\/\/xpandeg.com\/wp-content\/uploads\/2026\/03\/Oil-Gas.png 1536w, https:\/\/xpandeg.com\/wp-content\/uploads\/2026\/03\/Oil-Gas-300x200.png 300w, https:\/\/xpandeg.com\/wp-content\/uploads\/2026\/03\/Oil-Gas-1024x683.png 1024w, https:\/\/xpandeg.com\/wp-content\/uploads\/2026\/03\/Oil-Gas-768x512.png 768w\" sizes=\"(max-width: 1536px) 100vw, 1536px\" \/>\t\t\t\t\t\t\t\t\t\t\t\t\t\t\t<\/div>\n\t\t\t\t<\/div>\n\t\t\t\t\t<\/div>\n\t\t\t\t<\/div>\n\t\t<div class=\"elementor-element elementor-element-b59630b e-flex e-con-boxed e-con e-parent\" data-id=\"b59630b\" data-element_type=\"container\" data-e-type=\"container\" data-settings=\"{&quot;background_background&quot;:&quot;classic&quot;}\">\n\t\t\t\t\t<div class=\"e-con-inner\">\n\t\t\t\t\t<\/div>\n\t\t\t\t<\/div>\n\t\t<div class=\"elementor-element elementor-element-49cc8d9 e-flex e-con-boxed e-con e-parent\" data-id=\"49cc8d9\" data-element_type=\"container\" data-e-type=\"container\">\n\t\t\t\t\t<div class=\"e-con-inner\">\n\t\t\t\t<div class=\"elementor-element elementor-element-5856c61 elementor-widget elementor-widget-heading\" data-id=\"5856c61\" data-element_type=\"widget\" data-e-type=\"widget\" data-widget_type=\"heading.default\">\n\t\t\t\t<div class=\"elementor-widget-container\">\n\t\t\t\t\t<h2 class=\"elementor-heading-title elementor-size-default\">4. Infrastructure des t\u00e9l\u00e9communications et de la num\u00e9risation\n<\/h2>\t\t\t\t<\/div>\n\t\t\t\t<\/div>\n\t\t\t\t<div class=\"elementor-element elementor-element-0aec8fe elementor-widget__width-initial elementor-widget elementor-widget-text-editor\" data-id=\"0aec8fe\" data-element_type=\"widget\" data-e-type=\"widget\" data-widget_type=\"text-editor.default\">\n\t\t\t\t<div class=\"elementor-widget-container\">\n\t\t\t\t\t\t\t\t\t<p data-path-to-node=\"3,2,0\">Ce secteur conna\u00eet une expansion rapide avec la hausse de la demande en connectivit\u00e9 et en services num\u00e9riques, cr\u00e9ant des opportunit\u00e9s dans l\u2019expansion des r\u00e9seaux, l\u2019acc\u00e8s au haut d\u00e9bit et la transformation num\u00e9rique.<\/p>\t\t\t\t\t\t\t\t<\/div>\n\t\t\t\t<\/div>\n\t\t\t\t<div class=\"elementor-element elementor-element-81b6a6a elementor-widget elementor-widget-image\" data-id=\"81b6a6a\" data-element_type=\"widget\" data-e-type=\"widget\" data-widget_type=\"image.default\">\n\t\t\t\t<div class=\"elementor-widget-container\">\n\t\t\t\t\t\t\t\t\t\t\t\t\t\t\t<img loading=\"lazy\" decoding=\"async\" width=\"1536\" height=\"1024\" src=\"https:\/\/xpandeg.com\/wp-content\/uploads\/2026\/03\/Telecommunications-.png\" class=\"attachment-full size-full wp-image-2512\" alt=\"\" srcset=\"https:\/\/xpandeg.com\/wp-content\/uploads\/2026\/03\/Telecommunications-.png 1536w, https:\/\/xpandeg.com\/wp-content\/uploads\/2026\/03\/Telecommunications--300x200.png 300w, https:\/\/xpandeg.com\/wp-content\/uploads\/2026\/03\/Telecommunications--1024x683.png 1024w, https:\/\/xpandeg.com\/wp-content\/uploads\/2026\/03\/Telecommunications--768x512.png 768w\" sizes=\"(max-width: 1536px) 100vw, 1536px\" \/>\t\t\t\t\t\t\t\t\t\t\t\t\t\t\t<\/div>\n\t\t\t\t<\/div>\n\t\t\t\t\t<\/div>\n\t\t\t\t<\/div>\n\t\t<div class=\"elementor-element elementor-element-0b76688 e-flex e-con-boxed e-con e-parent\" data-id=\"0b76688\" data-element_type=\"container\" data-e-type=\"container\" data-settings=\"{&quot;background_background&quot;:&quot;classic&quot;}\">\n\t\t\t\t\t<div class=\"e-con-inner\">\n\t\t\t\t\t<\/div>\n\t\t\t\t<\/div>\n\t\t<div class=\"elementor-element elementor-element-e885bde e-flex e-con-boxed e-con e-parent\" data-id=\"e885bde\" data-element_type=\"container\" data-e-type=\"container\">\n\t\t\t\t\t<div class=\"e-con-inner\">\n\t\t\t\t<div class=\"elementor-element elementor-element-4dd2194 elementor-widget elementor-widget-heading\" data-id=\"4dd2194\" data-element_type=\"widget\" data-e-type=\"widget\" data-widget_type=\"heading.default\">\n\t\t\t\t<div class=\"elementor-widget-container\">\n\t\t\t\t\t<h2 class=\"elementor-heading-title elementor-size-default\">5. Centres de donn\u00e9es\n<\/h2>\t\t\t\t<\/div>\n\t\t\t\t<\/div>\n\t\t\t\t<div class=\"elementor-element elementor-element-cb8b12f elementor-widget__width-initial elementor-widget elementor-widget-text-editor\" data-id=\"cb8b12f\" data-element_type=\"widget\" data-e-type=\"widget\" data-widget_type=\"text-editor.default\">\n\t\t\t\t<div class=\"elementor-widget-container\">\n\t\t\t\t\t\t\t\t\t<p data-path-to-node=\"3,2,0\">Les centres de donn\u00e9es deviennent essentiels pour soutenir l\u2019\u00e9conomie num\u00e9rique croissante de l\u2019Afrique, en permettant un stockage s\u00e9curis\u00e9 des donn\u00e9es, des services cloud et une infrastructure num\u00e9rique am\u00e9lior\u00e9e.<\/p>\t\t\t\t\t\t\t\t<\/div>\n\t\t\t\t<\/div>\n\t\t\t\t<div class=\"elementor-element elementor-element-7a20741 elementor-widget elementor-widget-image\" data-id=\"7a20741\" data-element_type=\"widget\" data-e-type=\"widget\" data-widget_type=\"image.default\">\n\t\t\t\t<div class=\"elementor-widget-container\">\n\t\t\t\t\t\t\t\t\t\t\t\t\t\t\t<img loading=\"lazy\" decoding=\"async\" width=\"1536\" height=\"1024\" src=\"https:\/\/xpandeg.com\/wp-content\/uploads\/2026\/03\/Data-Centres.png\" class=\"attachment-full size-full wp-image-2513\" alt=\"\" srcset=\"https:\/\/xpandeg.com\/wp-content\/uploads\/2026\/03\/Data-Centres.png 1536w, https:\/\/xpandeg.com\/wp-content\/uploads\/2026\/03\/Data-Centres-300x200.png 300w, https:\/\/xpandeg.com\/wp-content\/uploads\/2026\/03\/Data-Centres-1024x683.png 1024w, https:\/\/xpandeg.com\/wp-content\/uploads\/2026\/03\/Data-Centres-768x512.png 768w\" sizes=\"(max-width: 1536px) 100vw, 1536px\" \/>\t\t\t\t\t\t\t\t\t\t\t\t\t\t\t<\/div>\n\t\t\t\t<\/div>\n\t\t\t\t\t<\/div>\n\t\t\t\t<\/div>\n\t\t<div class=\"elementor-element elementor-element-bddd7cb e-flex e-con-boxed e-con e-parent\" data-id=\"bddd7cb\" data-element_type=\"container\" data-e-type=\"container\" data-settings=\"{&quot;background_background&quot;:&quot;classic&quot;}\">\n\t\t\t\t\t<div class=\"e-con-inner\">\n\t\t\t\t\t<\/div>\n\t\t\t\t<\/div>\n\t\t<div class=\"elementor-element elementor-element-277993a e-flex e-con-boxed e-con e-parent\" data-id=\"277993a\" data-element_type=\"container\" data-e-type=\"container\">\n\t\t\t\t\t<div class=\"e-con-inner\">\n\t\t\t\t<div class=\"elementor-element elementor-element-1bf8b8b elementor-widget elementor-widget-heading\" data-id=\"1bf8b8b\" data-element_type=\"widget\" data-e-type=\"widget\" data-widget_type=\"heading.default\">\n\t\t\t\t<div class=\"elementor-widget-container\">\n\t\t\t\t\t<h2 class=\"elementor-heading-title elementor-size-default\">6. Produits pharmaceutiques<\/h2>\t\t\t\t<\/div>\n\t\t\t\t<\/div>\n\t\t\t\t<div class=\"elementor-element elementor-element-a11cd33 elementor-widget__width-initial elementor-widget elementor-widget-text-editor\" data-id=\"a11cd33\" data-element_type=\"widget\" data-e-type=\"widget\" data-widget_type=\"text-editor.default\">\n\t\t\t\t<div class=\"elementor-widget-container\">\n\t\t\t\t\t\t\t\t\t<p data-path-to-node=\"3,2,0\">Le secteur pharmaceutique conna\u00eet une demande croissante pour la production et la distribution locales de m\u00e9dicaments, stimul\u00e9e par la croissance d\u00e9mographique et le besoin de solutions de soins de sant\u00e9 accessibles.<\/p>\t\t\t\t\t\t\t\t<\/div>\n\t\t\t\t<\/div>\n\t\t\t\t<div class=\"elementor-element elementor-element-d084bb6 elementor-widget elementor-widget-image\" data-id=\"d084bb6\" data-element_type=\"widget\" data-e-type=\"widget\" data-widget_type=\"image.default\">\n\t\t\t\t<div class=\"elementor-widget-container\">\n\t\t\t\t\t\t\t\t\t\t\t\t\t\t\t<img loading=\"lazy\" decoding=\"async\" width=\"1536\" height=\"1024\" src=\"https:\/\/xpandeg.com\/wp-content\/uploads\/2026\/03\/Pharmaceuticals.png\" class=\"attachment-full size-full wp-image-2514\" alt=\"\" srcset=\"https:\/\/xpandeg.com\/wp-content\/uploads\/2026\/03\/Pharmaceuticals.png 1536w, https:\/\/xpandeg.com\/wp-content\/uploads\/2026\/03\/Pharmaceuticals-300x200.png 300w, https:\/\/xpandeg.com\/wp-content\/uploads\/2026\/03\/Pharmaceuticals-1024x683.png 1024w, https:\/\/xpandeg.com\/wp-content\/uploads\/2026\/03\/Pharmaceuticals-768x512.png 768w\" sizes=\"(max-width: 1536px) 100vw, 1536px\" \/>\t\t\t\t\t\t\t\t\t\t\t\t\t\t\t<\/div>\n\t\t\t\t<\/div>\n\t\t\t\t\t<\/div>\n\t\t\t\t<\/div>\n\t\t<div class=\"elementor-element elementor-element-2ff53c2 e-flex e-con-boxed e-con e-parent\" data-id=\"2ff53c2\" data-element_type=\"container\" data-e-type=\"container\" data-settings=\"{&quot;background_background&quot;:&quot;classic&quot;}\">\n\t\t\t\t\t<div class=\"e-con-inner\">\n\t\t\t\t\t<\/div>\n\t\t\t\t<\/div>\n\t\t<div class=\"elementor-element elementor-element-1b52105 e-flex e-con-boxed e-con e-parent\" data-id=\"1b52105\" data-element_type=\"container\" data-e-type=\"container\">\n\t\t\t\t\t<div class=\"e-con-inner\">\n\t\t\t\t<div class=\"elementor-element elementor-element-810d084 elementor-widget elementor-widget-heading\" data-id=\"810d084\" data-element_type=\"widget\" data-e-type=\"widget\" data-widget_type=\"heading.default\">\n\t\t\t\t<div class=\"elementor-widget-container\">\n\t\t\t\t\t<h2 class=\"elementor-heading-title elementor-size-default\">7.D\u00e9veloppements immobiliers \u00e0 usage mixte\n<\/h2>\t\t\t\t<\/div>\n\t\t\t\t<\/div>\n\t\t\t\t<div class=\"elementor-element elementor-element-ff0238b elementor-widget__width-initial elementor-widget elementor-widget-text-editor\" data-id=\"ff0238b\" data-element_type=\"widget\" data-e-type=\"widget\" data-widget_type=\"text-editor.default\">\n\t\t\t\t<div class=\"elementor-widget-container\">\n\t\t\t\t\t\t\t\t\t<p data-path-to-node=\"3,2,0\">Les projets immobiliers \u00e0 usage mixte gagnent en popularit\u00e9 dans les centres urbains africains, combinant des espaces r\u00e9sidentiels, commerciaux et de vente au d\u00e9tail afin de r\u00e9pondre aux besoins des villes en croissance et en modernisation.<\/p>\t\t\t\t\t\t\t\t<\/div>\n\t\t\t\t<\/div>\n\t\t\t\t<div class=\"elementor-element elementor-element-689c0c2 elementor-widget elementor-widget-image\" data-id=\"689c0c2\" data-element_type=\"widget\" data-e-type=\"widget\" data-widget_type=\"image.default\">\n\t\t\t\t<div class=\"elementor-widget-container\">\n\t\t\t\t\t\t\t\t\t\t\t\t\t\t\t<img loading=\"lazy\" decoding=\"async\" width=\"1536\" height=\"1024\" src=\"https:\/\/xpandeg.com\/wp-content\/uploads\/2026\/03\/Estate-Developments1.png\" class=\"attachment-full size-full wp-image-2515\" alt=\"\" srcset=\"https:\/\/xpandeg.com\/wp-content\/uploads\/2026\/03\/Estate-Developments1.png 1536w, https:\/\/xpandeg.com\/wp-content\/uploads\/2026\/03\/Estate-Developments1-300x200.png 300w, https:\/\/xpandeg.com\/wp-content\/uploads\/2026\/03\/Estate-Developments1-1024x683.png 1024w, https:\/\/xpandeg.com\/wp-content\/uploads\/2026\/03\/Estate-Developments1-768x512.png 768w\" sizes=\"(max-width: 1536px) 100vw, 1536px\" \/>\t\t\t\t\t\t\t\t\t\t\t\t\t\t\t<\/div>\n\t\t\t\t<\/div>\n\t\t\t\t\t<\/div>\n\t\t\t\t<\/div>\n\t\t<div class=\"elementor-element elementor-element-ed8a309 e-flex e-con-boxed e-con e-parent\" data-id=\"ed8a309\" data-element_type=\"container\" data-e-type=\"container\" data-settings=\"{&quot;background_background&quot;:&quot;classic&quot;}\">\n\t\t\t\t\t<div class=\"e-con-inner\">\n\t\t\t\t\t<\/div>\n\t\t\t\t<\/div>\n\t\t\t\t<\/div>","protected":false},"excerpt":{"rendered":"<p>Strategic Focus Our strategic focus is on identifying synergistic opportunities for Egyptian businesses to form joint ventures within the specified [&hellip;]<\/p>\n","protected":false},"author":1,"featured_media":0,"parent":0,"menu_order":0,"comment_status":"closed","ping_status":"closed","template":"","meta":{"site-sidebar-layout":"no-sidebar","site-content-layout":"","ast-site-content-layout":"full-width-container","site-content-style":"unboxed","site-sidebar-style":"unboxed","ast-global-header-display":"","ast-banner-title-visibility":"","ast-main-header-display":"","ast-hfb-above-header-display":"","ast-hfb-below-header-display":"","ast-hfb-mobile-header-display":"","site-post-title":"disabled","ast-breadcrumbs-content":"","ast-featured-img":"disabled","footer-sml-layout":"","ast-disable-related-posts":"","theme-transparent-header-meta":"enabled","adv-header-id-meta":"","stick-header-meta":"","header-above-stick-meta":"","header-main-stick-meta":"","header-below-stick-meta":"","astra-migrate-meta-layouts":"default","ast-page-background-enabled":"default","ast-page-background-meta":{"desktop":{"background-color":"var(--ast-global-color-5)","background-image":"","background-repeat":"repeat","background-position":"center center","background-size":"auto","background-attachment":"scroll","background-type":"","background-media":"","overlay-type":"","overlay-color":"","overlay-opacity":"","overlay-gradient":""},"tablet":{"background-color":"","background-image":"","background-repeat":"repeat","background-position":"center center","background-size":"auto","background-attachment":"scroll","background-type":"","background-media":"","overlay-type":"","overlay-color":"","overlay-opacity":"","overlay-gradient":""},"mobile":{"background-color":"","background-image":"","background-repeat":"repeat","background-position":"center center","background-size":"auto","background-attachment":"scroll","background-type":"","background-media":"","overlay-type":"","overlay-color":"","overlay-opacity":"","overlay-gradient":""}},"ast-content-background-meta":{"desktop":{"background-color":"var(--ast-global-color-4)","background-image":"","background-repeat":"repeat","background-position":"center center","background-size":"auto","background-attachment":"scroll","background-type":"","background-media":"","overlay-type":"","overlay-color":"","overlay-opacity":"","overlay-gradient":""},"tablet":{"background-color":"var(--ast-global-color-4)","background-image":"","background-repeat":"repeat","background-position":"center center","background-size":"auto","background-attachment":"scroll","background-type":"","background-media":"","overlay-type":"","overlay-color":"","overlay-opacity":"","overlay-gradient":""},"mobile":{"background-color":"var(--ast-global-color-4)","background-image":"","background-repeat":"repeat","background-position":"center center","background-size":"auto","background-attachment":"scroll","background-type":"","background-media":"","overlay-type":"","overlay-color":"","overlay-opacity":"","overlay-gradient":""}},"footnotes":""},"class_list":["post-2442","page","type-page","status-publish","hentry"],"_hostinger_reach_plugin_has_subscription_block":false,"_hostinger_reach_plugin_is_elementor":false,"_links":{"self":[{"href":"https:\/\/xpandeg.com\/fr\/wp-json\/wp\/v2\/pages\/2442","targetHints":{"allow":["GET"]}}],"collection":[{"href":"https:\/\/xpandeg.com\/fr\/wp-json\/wp\/v2\/pages"}],"about":[{"href":"https:\/\/xpandeg.com\/fr\/wp-json\/wp\/v2\/types\/page"}],"author":[{"embeddable":true,"href":"https:\/\/xpandeg.com\/fr\/wp-json\/wp\/v2\/users\/1"}],"replies":[{"embeddable":true,"href":"https:\/\/xpandeg.com\/fr\/wp-json\/wp\/v2\/comments?post=2442"}],"version-history":[{"count":61,"href":"https:\/\/xpandeg.com\/fr\/wp-json\/wp\/v2\/pages\/2442\/revisions"}],"predecessor-version":[{"id":2518,"href":"https:\/\/xpandeg.com\/fr\/wp-json\/wp\/v2\/pages\/2442\/revisions\/2518"}],"wp:attachment":[{"href":"https:\/\/xpandeg.com\/fr\/wp-json\/wp\/v2\/media?parent=2442"}],"curies":[{"name":"wp","href":"https:\/\/api.w.org\/{rel}","templated":true}]}}